{"id":98,"date":"2024-05-03T10:03:12","date_gmt":"2024-05-03T10:03:12","guid":{"rendered":"https:\/\/sami-marketing.tempurl.host\/sds-concept\/?page_id=98"},"modified":"2024-05-06T13:35:12","modified_gmt":"2024-05-06T13:35:12","slug":"sds","status":"publish","type":"page","link":"https:\/\/sds-concept.com\/de\/sds\/","title":{"rendered":"SDS"},"content":{"rendered":"<div data-elementor-type=\"wp-page\" data-elementor-id=\"98\" class=\"elementor elementor-98\" data-elementor-post-type=\"page\">\n\t\t\t\t<div class=\"elementor-element elementor-element-3711e17 e-con-full e-flex e-con e-parent\" data-id=\"3711e17\" data-element_type=\"container\" data-settings=\"{&quot;background_background&quot;:&quot;classic&quot;}\">\n\t\t\t\t<div class=\"elementor-element elementor-element-8329a7d elementor-widget elementor-widget-heading\" data-id=\"8329a7d\" data-element_type=\"widget\" data-widget_type=\"heading.default\">\n\t\t\t\t<div class=\"elementor-widget-container\">\n\t\t\t\t\t<h2 class=\"elementor-heading-title elementor-size-default\">SAMI-X DEFENSE<\/h2>\t\t\t\t<\/div>\n\t\t\t\t<\/div>\n\t\t\t\t<div class=\"elementor-element elementor-element-a0fe242 elementor-widget elementor-widget-heading\" data-id=\"a0fe242\" data-element_type=\"widget\" data-widget_type=\"heading.default\">\n\t\t\t\t<div class=\"elementor-widget-container\">\n\t\t\t\t\t<h2 class=\"elementor-heading-title elementor-size-default\">SDS-Konzept<\/h2>\t\t\t\t<\/div>\n\t\t\t\t<\/div>\n\t\t\t\t<\/div>\n\t\t<div class=\"elementor-element elementor-element-4e63f90 e-flex e-con-boxed e-con e-parent\" data-id=\"4e63f90\" data-element_type=\"container\">\n\t\t\t\t\t<div class=\"e-con-inner\">\n\t\t<div class=\"elementor-element elementor-element-f70c16b e-flex e-con-boxed e-con e-child\" data-id=\"f70c16b\" data-element_type=\"container\">\n\t\t\t\t\t<div class=\"e-con-inner\">\n\t\t\t\t<div class=\"elementor-element elementor-element-b616fbf elementor-widget elementor-widget-heading\" data-id=\"b616fbf\" data-element_type=\"widget\" data-widget_type=\"heading.default\">\n\t\t\t\t<div class=\"elementor-widget-container\">\n\t\t\t\t\t<h2 class=\"elementor-heading-title elementor-size-default\">SDS-Konzept\n\n<\/h2>\t\t\t\t<\/div>\n\t\t\t\t<\/div>\n\t\t\t\t<div class=\"elementor-element elementor-element-85281b9 elementor-widget elementor-widget-text-editor\" data-id=\"85281b9\" data-element_type=\"widget\" data-widget_type=\"text-editor.default\">\n\t\t\t\t<div class=\"elementor-widget-container\">\n\t\t\t\t\t\t\t\t\t<p>S.D.S.-Concept ist ein modernes, auf Verteidigung basierendes Kampfkonzept, das speziell f\u00fcr die Selbstverteidigung im realen Leben entwickelt wurde. Das S.D.S.-Konzept ist eines der ausgefeiltesten und pragmatischsten Selbstverteidigungskonzepte, da es darauf abzielt, Ihnen - dem potenziellen Opfer - die effizientesten Methoden zur Verf\u00fcgung zu stellen, um bewaffnete und unbewaffnete Angreifer zu vermeiden, zu entsch\u00e4rfen, zu konfrontieren und zu neutralisieren und diese Methoden auf die sicherste Art und Weise durchzuf\u00fchren.<\/p>\t\t\t\t\t\t\t\t<\/div>\n\t\t\t\t<\/div>\n\t\t\t\t<div class=\"elementor-element elementor-element-ed86955 elementor-widget elementor-widget-text-editor\" data-id=\"ed86955\" data-element_type=\"widget\" data-widget_type=\"text-editor.default\">\n\t\t\t\t<div class=\"elementor-widget-container\">\n\t\t\t\t\t\t\t\t\t<p>Es bestand ein erheblicher Bedarf an wirksamen Techniken, die es sowohl Berufst\u00e4tigen als auch Zivilisten, unabh\u00e4ngig von ihrer Gr\u00f6\u00dfe, erm\u00f6glichen w\u00fcrden, sich wirksam zu verteidigen und k\u00f6rperlich starke Angreifer zu \u00fcberwinden.<\/p>\t\t\t\t\t\t\t\t<\/div>\n\t\t\t\t<\/div>\n\t\t\t\t<div class=\"elementor-element elementor-element-d445300 elementor-widget elementor-widget-image\" data-id=\"d445300\" data-element_type=\"widget\" data-widget_type=\"image.default\">\n\t\t\t\t<div class=\"elementor-widget-container\">\n\t\t\t\t\t\t\t\t\t\t\t\t\t\t\t<img fetchpriority=\"high\" decoding=\"async\" width=\"800\" height=\"600\" src=\"https:\/\/sds-concept.com\/wp-content\/uploads\/sites\/8\/2024\/05\/P1433848-neu-1024x768.jpg\" class=\"attachment-large size-large wp-image-263\" alt=\"\" srcset=\"https:\/\/sds-concept.com\/wp-content\/uploads\/sites\/8\/2024\/05\/P1433848-neu-1024x768.jpg 1024w, https:\/\/sds-concept.com\/wp-content\/uploads\/sites\/8\/2024\/05\/P1433848-neu-300x225.jpg 300w, https:\/\/sds-concept.com\/wp-content\/uploads\/sites\/8\/2024\/05\/P1433848-neu-768x576.jpg 768w, https:\/\/sds-concept.com\/wp-content\/uploads\/sites\/8\/2024\/05\/P1433848-neu-1536x1152.jpg 1536w, https:\/\/sds-concept.com\/wp-content\/uploads\/sites\/8\/2024\/05\/P1433848-neu-2048x1536.jpg 2048w, https:\/\/sds-concept.com\/wp-content\/uploads\/sites\/8\/2024\/05\/P1433848-neu-16x12.jpg 16w\" sizes=\"(max-width: 800px) 100vw, 800px\" \/>\t\t\t\t\t\t\t\t\t\t\t\t\t\t\t<\/div>\n\t\t\t\t<\/div>\n\t\t\t\t\t<\/div>\n\t\t\t\t<\/div>\n\t\t<div class=\"elementor-element elementor-element-4ccc685 e-flex e-con-boxed e-con e-child\" data-id=\"4ccc685\" data-element_type=\"container\">\n\t\t\t\t\t<div class=\"e-con-inner\">\n\t\t\t\t<div class=\"elementor-element elementor-element-fec8459 elementor-widget elementor-widget-text-editor\" data-id=\"fec8459\" data-element_type=\"widget\" data-widget_type=\"text-editor.default\">\n\t\t\t\t<div class=\"elementor-widget-container\">\n\t\t\t\t\t\t\t\t\t<p><strong>Das System<\/strong><\/p><div class=\"max-w-7xl px-4 sm:px-6 lg:px-8 mx-auto w-full pt-32 relative\"><div class=\"w-full grid grid-cols-1 sm:grid-cols-2 gap-x-8\"><div class=\"flex flex-col justify-center space-y-8\"><div class=\"prose prose-headings:font-sans prose-h3:mb-0 prose-p:font-body ng-star-inserted\"><p>Alle TCS-Prinzipien sind Konzepte zur reinen Selbstverteidigung und zum Selbstschutz. Sie haben keinen traditionellen Kampfkunst- oder Kampfsport-Hintergrund.<\/p><\/div><\/div><\/div><\/div><div class=\"max-w-7xl px-4 sm:px-6 lg:px-8 mx-auto w-full pt-12 pb-12 relative\"><div class=\"w-full grid grid-cols-1 sm:grid-cols-2 gap-x-8\"><div class=\"relative flex flex-col justify-center py-20 sm:translate-x-24 md:scale-110 origin-left\"><div class=\"aspect-w-16 aspect-h-9 z-10 relative overflow-hidden ng-star-inserted\"><picture class=\"ng-star-inserted\"><source srcset=\"https:\/\/img2.storyblok.com\/fit-in\/0x600\/smart\/filters:format(webp)\/f\/110844\/4240x2832\/bdc5ee7483\/dsc00931-2.jpg\" type=\"image\/webp\" \/><source srcset=\"https:\/\/img2.storyblok.com\/fit-in\/0x600\/smart\/filters:format(png)\/f\/110844\/4240x2832\/bdc5ee7483\/dsc00931-2.jpg\" type=\"image\/png\" \/><\/picture><\/div><\/div><\/div><\/div>\t\t\t\t\t\t\t\t<\/div>\n\t\t\t\t<\/div>\n\t\t\t\t<div class=\"elementor-element elementor-element-243ad2b elementor-widget elementor-widget-text-editor\" data-id=\"243ad2b\" data-element_type=\"widget\" data-widget_type=\"text-editor.default\">\n\t\t\t\t<div class=\"elementor-widget-container\">\n\t\t\t\t\t\t\t\t\t<p><strong>Inhalt des S.D.S.-Konzepts<\/strong><\/p><div class=\"max-w-7xl px-4 sm:px-6 lg:px-8 mx-auto w-full pt-32 relative\"><div class=\"w-full grid grid-cols-1 sm:grid-cols-2 gap-x-8\"><div class=\"flex flex-col justify-center space-y-8\"><div class=\"prose prose-headings:font-sans prose-h3:mb-0 prose-p:font-body ng-star-inserted\"><p>Das S.D.S.-Konzept wurde als komplettes und individuelles System entwickelt. Es wird als Verteidigungssystem gegen bewaffnete und unbewaffnete Angreifer sowie zur Ausf\u00fchrung von Clearing-, Trapping-, Transport- und Nervendrucktechniken eingesetzt. Es ist ein flexibles und dynamisches, aber dennoch einfaches System, das f\u00fcr jeden geeignet ist. Die Techniken sind sehr leicht zu erlernen und k\u00f6nnen schon nach kurzer Zeit effektiv zur Selbstverteidigung eingesetzt werden.<\/p><p>Das S.D.S.-Konzept beinhaltet Waffentechniken, \u00dcberlebens- und Verteidigungsstrategien, Konfliktvermeidung, aber auch ein Verst\u00e4ndnis f\u00fcr die Psychologie der Selbstverteidigung und die praktische Kombination bereits vorhandener F\u00e4higkeiten. Es lehrt das Erkennen von Zielen am K\u00f6rper, die Entwicklung von idealen Bewegungswinkeln und Abwehrreaktionen, Beinarbeit und Beweglichkeit, verschiedene Schlagtechniken, Waffengebrauch, improvisierten Waffengebrauch, schmerzverursachende Kontrolltechniken und Gelenkblockaden, Messerkampftaktiken, Abwehr von Angriffen mit einem Stock, Schutz von Dritten, Blockier- und Kontrolltechniken, Offensivstrategien, direkte Eins-gegen-Eins-Angriffe, Kombinationsangriffe, Angriff durch K\u00f6dern des Gegners, Angriff mit Immobilisierungstechniken, etc.<\/p><\/div><\/div><\/div><\/div><div class=\"max-w-7xl px-4 sm:px-6 lg:px-8 mx-auto w-full pt-12 pb-12 relative\"><div class=\"w-full grid grid-cols-1 sm:grid-cols-2 gap-x-8\"><div class=\"relative flex flex-col justify-center py-20 sm:translate-x-24 md:scale-110 origin-left\"><div class=\"aspect-w-16 aspect-h-9 z-10 relative overflow-hidden ng-star-inserted\"><picture class=\"ng-star-inserted\"><source srcset=\"https:\/\/img2.storyblok.com\/fit-in\/0x600\/smart\/filters:format(webp)\/f\/110844\/4240x2832\/bdc5ee7483\/dsc00931-2.jpg\" type=\"image\/webp\" \/><source srcset=\"https:\/\/img2.storyblok.com\/fit-in\/0x600\/smart\/filters:format(png)\/f\/110844\/4240x2832\/bdc5ee7483\/dsc00931-2.jpg\" type=\"image\/png\" \/><\/picture><\/div><\/div><\/div><\/div>\t\t\t\t\t\t\t\t<\/div>\n\t\t\t\t<\/div>\n\t\t\t\t<div class=\"elementor-element elementor-element-1b6731d elementor-widget elementor-widget-text-editor\" data-id=\"1b6731d\" data-element_type=\"widget\" data-widget_type=\"text-editor.default\">\n\t\t\t\t<div class=\"elementor-widget-container\">\n\t\t\t\t\t\t\t\t\t<p><strong>Werkzeuge zur Selbstverteidigung<\/strong><\/p><div class=\"max-w-7xl px-4 sm:px-6 lg:px-8 mx-auto w-full pt-32 relative\"><div class=\"w-full grid grid-cols-1 sm:grid-cols-2 gap-x-8\"><div class=\"flex flex-col justify-center space-y-8\"><div class=\"prose prose-headings:font-sans prose-h3:mb-0 prose-p:font-body ng-star-inserted\"><p>Es gibt viele Werkzeuge und Gegenst\u00e4nde, die zur Selbstverteidigung verwendet werden k\u00f6nnen. Ein gedeckter Tisch zum Beispiel ist ein wahres Arsenal (Schl\u00fcssel, Besteck, St\u00fchle usw.). Nat\u00fcrlich gibt es auch offensichtlichere Ger\u00e4te wie Elektroschocker, Pfefferspray, mobile Alarmanlagen, Gaspistolen usw. All diese Dinge k\u00f6nnen jedoch keinen Schutz garantieren und sollten nicht den falschen Eindruck von Sicherheit vermitteln.<\/p><p>Die richtige Anwendung eines Werkzeugs zur Selbstverteidigung ist f\u00fcr einen wirksamen Schutz unerl\u00e4sslich. Nur wer wei\u00df, wie man ein Ger\u00e4t richtig einsetzt, kann sich ohne Verletzungen sch\u00fctzen.<\/p><\/div><\/div><\/div><\/div><div class=\"max-w-7xl px-4 sm:px-6 lg:px-8 mx-auto w-full pt-12 pb-12 relative\"><div class=\"w-full grid grid-cols-1 sm:grid-cols-2 gap-x-8\"><div class=\"relative flex flex-col justify-center py-20 sm:translate-x-24 md:scale-110 origin-left\"><div class=\"aspect-w-16 aspect-h-9 z-10 relative overflow-hidden ng-star-inserted\"><picture class=\"ng-star-inserted\"><source srcset=\"https:\/\/img2.storyblok.com\/fit-in\/0x600\/smart\/filters:format(webp)\/f\/110844\/4240x2832\/bdc5ee7483\/dsc00931-2.jpg\" type=\"image\/webp\" \/><source srcset=\"https:\/\/img2.storyblok.com\/fit-in\/0x600\/smart\/filters:format(png)\/f\/110844\/4240x2832\/bdc5ee7483\/dsc00931-2.jpg\" type=\"image\/png\" \/><\/picture><\/div><\/div><\/div><\/div>\t\t\t\t\t\t\t\t<\/div>\n\t\t\t\t<\/div>\n\t\t\t\t<div class=\"elementor-element elementor-element-24e902e elementor-widget elementor-widget-text-editor\" data-id=\"24e902e\" data-element_type=\"widget\" data-widget_type=\"text-editor.default\">\n\t\t\t\t<div class=\"elementor-widget-container\">\n\t\t\t\t\t\t\t\t\t<p><strong>Realit\u00e4tsbezogen<\/strong><\/p><div class=\"max-w-7xl px-4 sm:px-6 lg:px-8 mx-auto w-full pt-32 relative\"><div class=\"w-full grid grid-cols-1 sm:grid-cols-2 gap-x-8\"><div class=\"flex flex-col justify-center space-y-8\"><div class=\"prose prose-headings:font-sans prose-h3:mb-0 prose-p:font-body ng-star-inserted\"><p>Das S.D.S.-Konzept ist ein realit\u00e4tsnahes System. Das bedeutet, dass zu Trainingszwecken reale Konfliktszenarien nachgestellt werden, die von einer wahrgenommenen Bedrohung \u00fcber den tats\u00e4chlichen Angriff und die Verteidigung bis hin zur Strategie und Analyse nach dem Angriff reichen. Unter Verwendung geeigneter Konzepte und L\u00f6sungen wird der \u00dcbende in der Lage sein, zu improvisieren, um das jeweilige Problem nach relativ kurzer Zeit zu l\u00f6sen. Sie folgen keinem strengen Muster oder Ablauf, sondern kombinieren im freien Stil Techniken und Prinzipien des S.D.S.-Konzepts auf effektive und zielorientierte Weise.<\/p><\/div><\/div><\/div><\/div><div class=\"max-w-7xl px-4 sm:px-6 lg:px-8 mx-auto w-full pt-12 pb-12 relative\"><div class=\"w-full grid grid-cols-1 sm:grid-cols-2 gap-x-8\"><div class=\"relative flex flex-col justify-center py-20 sm:translate-x-24 md:scale-110 origin-left\"><div class=\"aspect-w-16 aspect-h-9 z-10 relative overflow-hidden ng-star-inserted\"><picture class=\"ng-star-inserted\"><source srcset=\"https:\/\/img2.storyblok.com\/fit-in\/0x600\/smart\/filters:format(webp)\/f\/110844\/4240x2832\/bdc5ee7483\/dsc00931-2.jpg\" type=\"image\/webp\" \/><source srcset=\"https:\/\/img2.storyblok.com\/fit-in\/0x600\/smart\/filters:format(png)\/f\/110844\/4240x2832\/bdc5ee7483\/dsc00931-2.jpg\" type=\"image\/png\" \/><\/picture><\/div><\/div><\/div><\/div>\t\t\t\t\t\t\t\t<\/div>\n\t\t\t\t<\/div>\n\t\t\t\t\t<\/div>\n\t\t\t\t<\/div>\n\t\t\t\t\t<\/div>\n\t\t\t\t<\/div>\n\t\t<div class=\"elementor-element elementor-element-3f86a17 e-flex e-con-boxed e-con e-parent\" data-id=\"3f86a17\" data-element_type=\"container\">\n\t\t\t\t\t<div class=\"e-con-inner\">\n\t\t\t\t<div class=\"elementor-element elementor-element-d265712 elementor-widget elementor-widget-spacer\" data-id=\"d265712\" data-element_type=\"widget\" data-widget_type=\"spacer.default\">\n\t\t\t\t<div class=\"elementor-widget-container\">\n\t\t\t\t\t\t\t<div class=\"elementor-spacer\">\n\t\t\t<div class=\"elementor-spacer-inner\"><\/div>\n\t\t<\/div>\n\t\t\t\t\t\t<\/div>\n\t\t\t\t<\/div>\n\t\t\t\t\t<\/div>\n\t\t\t\t<\/div>\n\t\t<div class=\"elementor-element elementor-element-1402495 e-flex e-con-boxed e-con e-parent\" data-id=\"1402495\" data-element_type=\"container\">\n\t\t\t\t\t<div class=\"e-con-inner\">\n\t\t\t\t<div class=\"elementor-element elementor-element-62a46de elementor-widget elementor-widget-heading\" data-id=\"62a46de\" data-element_type=\"widget\" data-widget_type=\"heading.default\">\n\t\t\t\t<div class=\"elementor-widget-container\">\n\t\t\t\t\t<h2 class=\"elementor-heading-title elementor-size-default\">Weitere Kriterien f\u00fcr die Entwicklung des S.D.S.-Konzepts\n\n<\/h2>\t\t\t\t<\/div>\n\t\t\t\t<\/div>\n\t\t\t\t\t<\/div>\n\t\t\t\t<\/div>\n\t\t<div class=\"elementor-element elementor-element-8d9e2ad e-flex e-con-boxed e-con e-parent\" data-id=\"8d9e2ad\" data-element_type=\"container\">\n\t\t\t\t\t<div class=\"e-con-inner\">\n\t\t\t\t<div class=\"elementor-element elementor-element-7df0768 elementor-widget elementor-widget-text-editor\" data-id=\"7df0768\" data-element_type=\"widget\" data-widget_type=\"text-editor.default\">\n\t\t\t\t<div class=\"elementor-widget-container\">\n\t\t\t\t\t\t\t\t\t<ul><li><strong>Einfaches Lernen: <\/strong><br \/>Einer der wichtigsten Bestandteile bei der Entwicklung des S.D.S.-Konzepts war die Konzentration auf eine einfache Anwendung. Komplizierte Verteidigungstechniken und langwierige Drills sind vor allem f\u00fcr Anf\u00e4nger nutzlos und k\u00f6nnen unter Stress nicht angewendet werden. Deshalb lautet das Motto des S.D.S.-Konzepts: Keep it simple!<\/li><\/ul><ul><li><strong>Schnelle Anwendbarkeit: <\/strong><br \/>Einer der gr\u00f6\u00dften Vorteile des S.D.S.-Konzepts ist seine unmittelbare Anwendbarkeit.<\/li><\/ul><ul><li><strong>Selbstverteidigung als Nutzen f\u00fcr den Anwender:<\/strong><br \/>Unsere Ausbildungen, Kurse und Seminare zielen darauf ab, dem Anwender ein solides Fundament f\u00fcr gute Reaktionen in Gefahrensituationen zu vermitteln. Die Techniken und Strategien wurden f\u00fcr den Ernstfall entwickelt, sie sind schnell erlernbar, realit\u00e4tsnah erprobt und \u00e4u\u00dferst effektiv. Nur das unverletzte \u00dcberstehen einer Selbstverteidigungssituation ist ein echter Gewinn f\u00fcr den Anwender.<\/li><\/ul><ul><li><strong>Deeskalierende Techniken:<\/strong><br \/>Deeskalationstechniken sind ein weiterer wichtiger Bestandteil des S.D.S.-Konzepts, da sie helfen k\u00f6nnen, aggressive Konfrontationen zu vermeiden. Wir haben praktische Techniken und Strategien entwickelt.<\/li><\/ul><ul><li><strong>Verteidigung von Dritten - Unterst\u00fctzung:<\/strong><br \/>Im Rahmen des S.D.S.-Konzepts lernen die Sch\u00fcler nicht nur, sich selbst zu verteidigen, sondern auch, Dritte zu sch\u00fctzen und ihnen zu helfen. Der richtige Umgang mit dem S.D.S. zum Schutz Dritter ist daher ein weiterer realistischer Aspekt in unseren Kursen.<\/li><\/ul><ul><li><strong>\u00dcbertragen auf andere Stile:<\/strong><br \/>Eines der wichtigsten Prinzipien von S.D.S.-Concept ist die Kompatibilit\u00e4t mit und die \u00dcbertragbarkeit auf andere Kampfsportarten. Das bedeutet, dass Taktik, Strategie, Risikoeinsch\u00e4tzung und Trainingsmethoden, nicht unbedingt die technischen Inhalte, im Vordergrund stehen. .<\/li><\/ul><ul><li><strong>Anpassung f\u00fcr bestimmte Berufsgruppen:<\/strong><br \/>Die Ber\u00fccksichtigung lokaler Gesetze und Vorschriften sowie die Anpassung des S.D.S.-Konzepts an die Bed\u00fcrfnisse bestimmter Berufsgruppen l\u00f6ste die Anpassung des S.D.S.-Konzepts f\u00fcr bestimmte Berufsgruppen aus.<\/li><\/ul><ul><li><strong>Einzigartige Anleitung:<\/strong><br \/>Szenario-basiertes Training und Anti-Stress-Training sind wichtige Bestandteile der Ausbildung.<\/li><\/ul><ul><li><strong>Unterschiedliche Anweisungen f\u00fcr Benutzer und Ausbilder:<\/strong><br \/>Im Grunde genommen verfolgen wir zwei verschiedene Ausbildungslinien, eine f\u00fcr die Nutzer und eine f\u00fcr die Ausbilder. Ausbilder werden intensiver geschult, lernen erweiterte F\u00e4higkeiten und studieren Lehrmethoden. Ausbilder sollten ein tieferes Verst\u00e4ndnis der Techniken haben als die Studenten in Kursen und Seminaren. Ausbilder sollten auch in der Lage sein, ihr strategisches und taktisches Wissen an ihre Sch\u00fcler weiterzugeben.<\/li><\/ul><p>\u00a0<\/p><p>Das wichtigste Ziel f\u00fcr den Anwender ist die Anwendbarkeit der erlernten Techniken in realen Selbstverteidigungssituationen. Der Ausbilder wiederum lernt, wie er diese Techniken in verschiedenen Kursen vermitteln kann.<\/p>\t\t\t\t\t\t\t\t<\/div>\n\t\t\t\t<\/div>\n\t\t\t\t\t<\/div>\n\t\t\t\t<\/div>\n\t\t\t\t<\/div>","protected":false},"excerpt":{"rendered":"<p>SAMI-X DEFENSE SDS Concept SDS Concept S.D.S.-Concept ist ein modernes, auf Verteidigung basierendes Kampfkonzept, das speziell f\u00fcr die Selbstverteidigung im realen Leben entwickelt wurde. Das S.D.S.-Konzept ist eines der ausgefeiltesten und pragmatischsten Selbstverteidigungskonzepte, da es darauf abzielt, Ihnen - dem potentiellen Opfer - m\u00f6glichst effiziente Methoden zur Vermeidung, Entsch\u00e4rfung, Konfrontation und Neutralisierung von [...]<\/p>","protected":false},"author":1,"featured_media":0,"parent":0,"menu_order":0,"comment_status":"closed","ping_status":"closed","template":"","meta":{"inline_featured_image":false,"footnotes":""},"class_list":["post-98","page","type-page","status-publish","hentry"],"_links":{"self":[{"href":"https:\/\/sds-concept.com\/de\/wp-json\/wp\/v2\/pages\/98","targetHints":{"allow":["GET"]}}],"collection":[{"href":"https:\/\/sds-concept.com\/de\/wp-json\/wp\/v2\/pages"}],"about":[{"href":"https:\/\/sds-concept.com\/de\/wp-json\/wp\/v2\/types\/page"}],"author":[{"embeddable":true,"href":"https:\/\/sds-concept.com\/de\/wp-json\/wp\/v2\/users\/1"}],"replies":[{"embeddable":true,"href":"https:\/\/sds-concept.com\/de\/wp-json\/wp\/v2\/comments?post=98"}],"version-history":[{"count":5,"href":"https:\/\/sds-concept.com\/de\/wp-json\/wp\/v2\/pages\/98\/revisions"}],"predecessor-version":[{"id":270,"href":"https:\/\/sds-concept.com\/de\/wp-json\/wp\/v2\/pages\/98\/revisions\/270"}],"wp:attachment":[{"href":"https:\/\/sds-concept.com\/de\/wp-json\/wp\/v2\/media?parent=98"}],"curies":[{"name":"wp","href":"https:\/\/api.w.org\/{rel}","templated":true}]}}